{"id":240,"date":"2025-09-11T16:11:25","date_gmt":"2025-09-11T16:11:25","guid":{"rendered":"https:\/\/for-mont.pl\/?post_type=product&#038;p=240"},"modified":"2025-09-11T16:15:28","modified_gmt":"2025-09-11T16:15:28","slug":"bramy-rolowane","status":"publish","type":"product","link":"https:\/\/for-mont.pl\/?product=bramy-rolowane","title":{"rendered":"Bramy Rolowane"},"content":{"rendered":"<p data-start=\"767\" data-end=\"1079\">\ud83d\udc49 Zapraszamy do przedstawienia indywidualnej oferty w naszym biurze oraz telefonicznie.<\/p>\n","protected":false},"excerpt":{"rendered":"<p data-start=\"2721\" data-end=\"2960\">Bramy rolowane dzia\u0142aj\u0105 na podobnej zasadzie jak rolety zewn\u0119trzne \u2013 pancerz bramy nawija si\u0119 na wa\u0142 umieszczony w kasecie nad wjazdem. To rozwi\u0105zanie wyj\u0105tkowo praktyczne, poniewa\u017c nie zajmuje miejsca ani przed gara\u017cem, ani pod sufitem.<\/p>\n<p data-start=\"2962\" data-end=\"3219\">Dzi\u0119ki swojej konstrukcji bramy rolowane s\u0105 szczeg\u00f3lnie polecane w gara\u017cach, gdzie liczy si\u0119 maksymalne wykorzystanie przestrzeni. Dodatkowo s\u0105 bardzo wygodne w obs\u0142udze \u2013 standardem jest zastosowanie nap\u0119du elektrycznego z mo\u017cliwo\u015bci\u0105 sterowania pilotem.<\/p>\n<p data-start=\"3221\" data-end=\"3484\">Oferujemy bramy rolowane w r\u00f3\u017cnych wariantach kolorystycznych, z opcj\u0105 ocieplenia i dodatkowymi zabezpieczeniami. To po\u0142\u0105czenie nowoczesno\u015bci, estetyki i funkcjonalno\u015bci.<\/p>\n","protected":false},"featured_media":241,"template":"","meta":[],"product_brand":[],"product_cat":[19],"product_tag":[],"class_list":{"0":"post-240","1":"product","2":"type-product","3":"status-publish","4":"has-post-thumbnail","6":"product_cat-bramy","8":"first","9":"instock","10":"shipping-taxable","11":"product-type-simple"},"_links":{"self":[{"href":"https:\/\/for-mont.pl\/index.php?rest_route=\/wp\/v2\/product\/240","targetHints":{"allow":["GET"]}}],"collection":[{"href":"https:\/\/for-mont.pl\/index.php?rest_route=\/wp\/v2\/product"}],"about":[{"href":"https:\/\/for-mont.pl\/index.php?rest_route=\/wp\/v2\/types\/product"}],"wp:featuredmedia":[{"embeddable":true,"href":"https:\/\/for-mont.pl\/index.php?rest_route=\/wp\/v2\/media\/241"}],"wp:attachment":[{"href":"https:\/\/for-mont.pl\/index.php?rest_route=%2Fwp%2Fv2%2Fmedia&parent=240"}],"wp:term":[{"taxonomy":"product_brand","embeddable":true,"href":"https:\/\/for-mont.pl\/index.php?rest_route=%2Fwp%2Fv2%2Fproduct_brand&post=240"},{"taxonomy":"product_cat","embeddable":true,"href":"https:\/\/for-mont.pl\/index.php?rest_route=%2Fwp%2Fv2%2Fproduct_cat&post=240"},{"taxonomy":"product_tag","embeddable":true,"href":"https:\/\/for-mont.pl\/index.php?rest_route=%2Fwp%2Fv2%2Fproduct_tag&post=240"}],"curies":[{"name":"wp","href":"https:\/\/api.w.org\/{rel}","templated":true}]}}