{"id":238,"date":"2025-09-11T16:04:51","date_gmt":"2025-09-11T16:04:51","guid":{"rendered":"https:\/\/for-mont.pl\/?post_type=product&#038;p=238"},"modified":"2025-09-11T16:11:21","modified_gmt":"2025-09-11T16:11:21","slug":"bramy-dwuskrzydlowe","status":"publish","type":"product","link":"https:\/\/for-mont.pl\/?product=bramy-dwuskrzydlowe","title":{"rendered":"Bramy Dwuskrzyd\u0142owe"},"content":{"rendered":"<p data-start=\"767\" data-end=\"1079\">\ud83d\udc49 Zapraszamy do przedstawienia indywidualnej oferty w naszym biurze oraz telefonicznie.<\/p>\n","protected":false},"excerpt":{"rendered":"<p data-start=\"1936\" data-end=\"2152\">Bramy dwuskrzyd\u0142owe to tradycyjne rozwi\u0105zanie, kt\u00f3re doskonale pasuje do dom\u00f3w w klasycznym stylu. Skrzyd\u0142a otwierane na boki pozwalaj\u0105 na wygodne korzystanie z gara\u017cu, a przy tym nadaj\u0105 budynkowi elegancki wygl\u0105d.<\/p>\n<p data-start=\"2154\" data-end=\"2382\">Ich konstrukcja jest prosta i bardzo solidna, dzi\u0119ki czemu bramy dwuskrzyd\u0142owe s\u0142u\u017c\u0105 przez d\u0142ugie lata. Mog\u0105 by\u0107 wykonane w r\u00f3\u017cnych wariantach \u2013 z ociepleniem lub bez, z dodatkowymi przeszkleniami czy elementami dekoracyjnymi.<\/p>\n<p data-start=\"2384\" data-end=\"2694\">To rozwi\u0105zanie idealne dla os\u00f3b, kt\u00f3re ceni\u0105 tradycj\u0119, ale chc\u0105 po\u0142\u0105czy\u0107 j\u0105 z nowoczesn\u0105 funkcjonalno\u015bci\u0105. Bramy dwuskrzyd\u0142owe mo\u017cna dodatkowo doposa\u017cy\u0107 w systemy automatyki, co podnosi wygod\u0119 codziennego u\u017cytkowania.<\/p>\n","protected":false},"featured_media":239,"template":"","meta":[],"product_brand":[],"product_cat":[19],"product_tag":[],"class_list":{"0":"post-238","1":"product","2":"type-product","3":"status-publish","4":"has-post-thumbnail","6":"product_cat-bramy","8":"first","9":"instock","10":"shipping-taxable","11":"product-type-simple"},"_links":{"self":[{"href":"https:\/\/for-mont.pl\/index.php?rest_route=\/wp\/v2\/product\/238","targetHints":{"allow":["GET"]}}],"collection":[{"href":"https:\/\/for-mont.pl\/index.php?rest_route=\/wp\/v2\/product"}],"about":[{"href":"https:\/\/for-mont.pl\/index.php?rest_route=\/wp\/v2\/types\/product"}],"wp:featuredmedia":[{"embeddable":true,"href":"https:\/\/for-mont.pl\/index.php?rest_route=\/wp\/v2\/media\/239"}],"wp:attachment":[{"href":"https:\/\/for-mont.pl\/index.php?rest_route=%2Fwp%2Fv2%2Fmedia&parent=238"}],"wp:term":[{"taxonomy":"product_brand","embeddable":true,"href":"https:\/\/for-mont.pl\/index.php?rest_route=%2Fwp%2Fv2%2Fproduct_brand&post=238"},{"taxonomy":"product_cat","embeddable":true,"href":"https:\/\/for-mont.pl\/index.php?rest_route=%2Fwp%2Fv2%2Fproduct_cat&post=238"},{"taxonomy":"product_tag","embeddable":true,"href":"https:\/\/for-mont.pl\/index.php?rest_route=%2Fwp%2Fv2%2Fproduct_tag&post=238"}],"curies":[{"name":"wp","href":"https:\/\/api.w.org\/{rel}","templated":true}]}}