{"id":236,"date":"2025-09-11T16:01:37","date_gmt":"2025-09-11T16:01:37","guid":{"rendered":"https:\/\/for-mont.pl\/?post_type=product&#038;p=236"},"modified":"2025-09-11T16:04:47","modified_gmt":"2025-09-11T16:04:47","slug":"bramy-uchylne","status":"publish","type":"product","link":"https:\/\/for-mont.pl\/?product=bramy-uchylne","title":{"rendered":"Bramy Uchylne"},"content":{"rendered":"<p data-start=\"767\" data-end=\"1079\">\ud83d\udc49 Zapraszamy do przedstawienia indywidualnej oferty w naszym biurze oraz telefonicznie.<\/p>\n","protected":false},"excerpt":{"rendered":"<p data-start=\"1105\" data-end=\"1372\">Bramy uchylne to klasyczne rozwi\u0105zanie, kt\u00f3re od lat cieszy si\u0119 du\u017c\u0105 popularno\u015bci\u0105. Mechanizm dzia\u0142ania jest prosty i niezawodny \u2013 ca\u0142a brama unosi si\u0119 do g\u00f3ry i chowa pod sufitem gara\u017cu. To sprawdzona konstrukcja, gwarantuj\u0105ca trwa\u0142o\u015b\u0107 i bezproblemowe u\u017cytkowanie.<\/p>\n<p data-start=\"1374\" data-end=\"1656\">Ich zalet\u0105 jest stosunkowo niska cena oraz \u0142atwo\u015b\u0107 monta\u017cu. Bramy uchylne s\u0105 dost\u0119pne w wielu rozmiarach i wariantach wyko\u0144czenia, dzi\u0119ki czemu mo\u017cna je dopasowa\u0107 do r\u00f3\u017cnych typ\u00f3w gara\u017cy. Stanowi\u0105 ekonomiczne rozwi\u0105zanie dla os\u00f3b, kt\u00f3re szukaj\u0105 solidnej bramy w atrakcyjnej cenie.<\/p>\n<p data-start=\"1658\" data-end=\"1904\">Nowoczesne bramy uchylne mo\u017cna dodatkowo wyposa\u017cy\u0107 w nap\u0119d elektryczny, co znacznie zwi\u0119ksza komfort ich obs\u0142ugi. To klasyka, kt\u00f3ra sprawdza si\u0119 do dzi\u015b.<\/p>\n","protected":false},"featured_media":237,"template":"","meta":[],"product_brand":[],"product_cat":[19],"product_tag":[],"class_list":{"0":"post-236","1":"product","2":"type-product","3":"status-publish","4":"has-post-thumbnail","6":"product_cat-bramy","8":"first","9":"instock","10":"shipping-taxable","11":"product-type-simple"},"_links":{"self":[{"href":"https:\/\/for-mont.pl\/index.php?rest_route=\/wp\/v2\/product\/236","targetHints":{"allow":["GET"]}}],"collection":[{"href":"https:\/\/for-mont.pl\/index.php?rest_route=\/wp\/v2\/product"}],"about":[{"href":"https:\/\/for-mont.pl\/index.php?rest_route=\/wp\/v2\/types\/product"}],"wp:featuredmedia":[{"embeddable":true,"href":"https:\/\/for-mont.pl\/index.php?rest_route=\/wp\/v2\/media\/237"}],"wp:attachment":[{"href":"https:\/\/for-mont.pl\/index.php?rest_route=%2Fwp%2Fv2%2Fmedia&parent=236"}],"wp:term":[{"taxonomy":"product_brand","embeddable":true,"href":"https:\/\/for-mont.pl\/index.php?rest_route=%2Fwp%2Fv2%2Fproduct_brand&post=236"},{"taxonomy":"product_cat","embeddable":true,"href":"https:\/\/for-mont.pl\/index.php?rest_route=%2Fwp%2Fv2%2Fproduct_cat&post=236"},{"taxonomy":"product_tag","embeddable":true,"href":"https:\/\/for-mont.pl\/index.php?rest_route=%2Fwp%2Fv2%2Fproduct_tag&post=236"}],"curies":[{"name":"wp","href":"https:\/\/api.w.org\/{rel}","templated":true}]}}