{"id":221,"date":"2025-09-11T15:36:51","date_gmt":"2025-09-11T15:36:51","guid":{"rendered":"https:\/\/for-mont.pl\/?post_type=product&#038;p=221"},"modified":"2025-09-11T15:40:30","modified_gmt":"2025-09-11T15:40:30","slug":"drzwi-wewnetrzne","status":"publish","type":"product","link":"https:\/\/for-mont.pl\/?product=drzwi-wewnetrzne","title":{"rendered":"Drzwi wewn\u0119trzne"},"content":{"rendered":"<p>\ud83d\udc49 Zapraszamy do przedstawienia indywidualnej oferty w naszym biurze oraz telefonicznie.<\/p>\n","protected":false},"excerpt":{"rendered":"<p data-start=\"2933\" data-end=\"3151\">Drzwi wewn\u0119trzne to nie tylko element praktyczny, ale r\u00f3wnie\u017c istotny detal dekoracyjny wn\u0119trza. Odpowiednio dobrane nadaj\u0105 pomieszczeniom sp\u00f3jny charakter, podkre\u015blaj\u0105c styl aran\u017cacji \u2013 od klasycznego po nowoczesny.<\/p>\n<p data-start=\"3153\" data-end=\"3439\">W naszej ofercie znajduj\u0105 si\u0119 drzwi w wielu wariantach: pe\u0142ne, przeszklone, lakierowane czy w naturalnych okleinach drewnianych. Ka\u017cdy model wyr\u00f3\u017cnia si\u0119 starannym wykonaniem oraz dba\u0142o\u015bci\u0105 o detale. Dzi\u0119ki szerokiej gamie kolor\u00f3w i wzor\u00f3w mo\u017cna je \u0142atwo dopasowa\u0107 do ka\u017cdego wn\u0119trza.<\/p>\n<p data-start=\"3441\" data-end=\"3710\">Drzwi wewn\u0119trzne zapewniaj\u0105 tak\u017ce odpowiedni\u0105 izolacj\u0119 akustyczn\u0105, co zwi\u0119ksza komfort codziennego u\u017cytkowania. To rozwi\u0105zanie, kt\u00f3re \u0142\u0105czy estetyk\u0119, trwa\u0142o\u015b\u0107 i funkcjonalno\u015b\u0107.<\/p>\n","protected":false},"featured_media":222,"template":"","meta":[],"product_brand":[],"product_cat":[18],"product_tag":[],"class_list":{"0":"post-221","1":"product","2":"type-product","3":"status-publish","4":"has-post-thumbnail","6":"product_cat-drzwi","8":"first","9":"instock","10":"shipping-taxable","11":"product-type-simple"},"_links":{"self":[{"href":"https:\/\/for-mont.pl\/index.php?rest_route=\/wp\/v2\/product\/221","targetHints":{"allow":["GET"]}}],"collection":[{"href":"https:\/\/for-mont.pl\/index.php?rest_route=\/wp\/v2\/product"}],"about":[{"href":"https:\/\/for-mont.pl\/index.php?rest_route=\/wp\/v2\/types\/product"}],"wp:featuredmedia":[{"embeddable":true,"href":"https:\/\/for-mont.pl\/index.php?rest_route=\/wp\/v2\/media\/222"}],"wp:attachment":[{"href":"https:\/\/for-mont.pl\/index.php?rest_route=%2Fwp%2Fv2%2Fmedia&parent=221"}],"wp:term":[{"taxonomy":"product_brand","embeddable":true,"href":"https:\/\/for-mont.pl\/index.php?rest_route=%2Fwp%2Fv2%2Fproduct_brand&post=221"},{"taxonomy":"product_cat","embeddable":true,"href":"https:\/\/for-mont.pl\/index.php?rest_route=%2Fwp%2Fv2%2Fproduct_cat&post=221"},{"taxonomy":"product_tag","embeddable":true,"href":"https:\/\/for-mont.pl\/index.php?rest_route=%2Fwp%2Fv2%2Fproduct_tag&post=221"}],"curies":[{"name":"wp","href":"https:\/\/api.w.org\/{rel}","templated":true}]}}