{"id":217,"date":"2025-09-11T15:22:26","date_gmt":"2025-09-11T15:22:26","guid":{"rendered":"https:\/\/for-mont.pl\/?post_type=product&#038;p=217"},"modified":"2025-09-11T15:25:02","modified_gmt":"2025-09-11T15:25:02","slug":"drzwi-aluminiowe","status":"publish","type":"product","link":"https:\/\/for-mont.pl\/?product=drzwi-aluminiowe","title":{"rendered":"Drzwi aluminiowe"},"content":{"rendered":"<p>\ud83d\udc49 Zapraszamy do przedstawienia indywidualnej oferty w naszym biurze oraz telefonicznie.<\/p>\n","protected":false},"excerpt":{"rendered":"<p data-start=\"1165\" data-end=\"1424\">Drzwi aluminiowe to propozycja dla os\u00f3b, kt\u00f3re ceni\u0105 sobie nowoczesny design i wysok\u0105 trwa\u0142o\u015b\u0107. Aluminium jako materia\u0142 jest odporne na korozj\u0119, odkszta\u0142cenia oraz dzia\u0142anie czynnik\u00f3w atmosferycznych, dzi\u0119ki czemu drzwi te s\u0142u\u017c\u0105 niezawodnie przez wiele lat.<\/p>\n<p data-start=\"1426\" data-end=\"1708\">Ich lekka, a jednocze\u015bnie bardzo wytrzyma\u0142a konstrukcja pozwala na tworzenie drzwi o wi\u0119kszych wymiarach, co daje wi\u0119ksze mo\u017cliwo\u015bci architektoniczne. Dzi\u0119ki nowoczesnym technologiom produkcji drzwi aluminiowe charakteryzuj\u0105 si\u0119 bardzo dobr\u0105 izolacyjno\u015bci\u0105 termiczn\u0105 i akustyczn\u0105.<\/p>\n<p data-start=\"1710\" data-end=\"2002\">Dost\u0119pne s\u0105 w szerokiej gamie kolor\u00f3w i wyko\u0144cze\u0144, co pozwala idealnie dopasowa\u0107 je do elewacji budynku lub charakteru wn\u0119trza. To rozwi\u0105zanie, kt\u00f3re \u0142\u0105czy elegancj\u0119, funkcjonalno\u015b\u0107 i d\u0142ugowieczno\u015b\u0107.<\/p>\n","protected":false},"featured_media":218,"template":"","meta":[],"product_brand":[],"product_cat":[18],"product_tag":[],"class_list":{"0":"post-217","1":"product","2":"type-product","3":"status-publish","4":"has-post-thumbnail","6":"product_cat-drzwi","8":"first","9":"instock","10":"shipping-taxable","11":"product-type-simple"},"_links":{"self":[{"href":"https:\/\/for-mont.pl\/index.php?rest_route=\/wp\/v2\/product\/217","targetHints":{"allow":["GET"]}}],"collection":[{"href":"https:\/\/for-mont.pl\/index.php?rest_route=\/wp\/v2\/product"}],"about":[{"href":"https:\/\/for-mont.pl\/index.php?rest_route=\/wp\/v2\/types\/product"}],"wp:featuredmedia":[{"embeddable":true,"href":"https:\/\/for-mont.pl\/index.php?rest_route=\/wp\/v2\/media\/218"}],"wp:attachment":[{"href":"https:\/\/for-mont.pl\/index.php?rest_route=%2Fwp%2Fv2%2Fmedia&parent=217"}],"wp:term":[{"taxonomy":"product_brand","embeddable":true,"href":"https:\/\/for-mont.pl\/index.php?rest_route=%2Fwp%2Fv2%2Fproduct_brand&post=217"},{"taxonomy":"product_cat","embeddable":true,"href":"https:\/\/for-mont.pl\/index.php?rest_route=%2Fwp%2Fv2%2Fproduct_cat&post=217"},{"taxonomy":"product_tag","embeddable":true,"href":"https:\/\/for-mont.pl\/index.php?rest_route=%2Fwp%2Fv2%2Fproduct_tag&post=217"}],"curies":[{"name":"wp","href":"https:\/\/api.w.org\/{rel}","templated":true}]}}