{"id":215,"date":"2025-09-11T15:22:15","date_gmt":"2025-09-11T15:22:15","guid":{"rendered":"https:\/\/for-mont.pl\/?post_type=product&#038;p=215"},"modified":"2025-09-11T15:22:15","modified_gmt":"2025-09-11T15:22:15","slug":"drzwi-stalowe-zewnetrzne","status":"publish","type":"product","link":"https:\/\/for-mont.pl\/?product=drzwi-stalowe-zewnetrzne","title":{"rendered":"Drzwi stalowe zewn\u0119trzne"},"content":{"rendered":"<p>\ud83d\udc49 Zapraszamy do przedstawienia indywidualnej oferty w naszym biurze oraz telefonicznie.<\/p>\n","protected":false},"excerpt":{"rendered":"<p data-start=\"221\" data-end=\"493\">Drzwi stalowe zewn\u0119trzne to synonim bezpiecze\u0144stwa i trwa\u0142o\u015bci. Wykonane z solidnych materia\u0142\u00f3w, gwarantuj\u0105 wysok\u0105 odporno\u015b\u0107 na w\u0142amania oraz niekorzystne warunki atmosferyczne. Dzi\u0119ki wzmocnionej konstrukcji i nowoczesnym zamkom zapewniaj\u0105 spok\u00f3j i ochron\u0119 ca\u0142ego domu.<\/p>\n<p data-start=\"495\" data-end=\"837\">Dodatkowym atutem drzwi stalowych jest ich doskona\u0142a izolacyjno\u015b\u0107 termiczna i akustyczna. Specjalne wype\u0142nienia oraz uszczelki skutecznie chroni\u0105 wn\u0119trze przed stratami ciep\u0142a, co pozwala zmniejszy\u0107 koszty ogrzewania. To rozwi\u0105zanie szczeg\u00f3lnie polecane do dom\u00f3w jednorodzinnych i budynk\u00f3w wymagaj\u0105cych podwy\u017cszonego poziomu bezpiecze\u0144stwa.<\/p>\n<p data-start=\"839\" data-end=\"1136\">Nowoczesne drzwi stalowe to nie tylko ochrona, ale tak\u017ce elegancki wygl\u0105d. Szeroka oferta wzor\u00f3w, kolor\u00f3w i przeszkle\u0144 pozwala dopasowa\u0107 je do charakteru budynku \u2013 zar\u00f3wno klasycznego, jak i nowoczesnego.<\/p>\n","protected":false},"featured_media":216,"template":"","meta":[],"product_brand":[],"product_cat":[18],"product_tag":[],"class_list":{"0":"post-215","1":"product","2":"type-product","3":"status-publish","4":"has-post-thumbnail","6":"product_cat-drzwi","8":"first","9":"instock","10":"shipping-taxable","11":"product-type-simple"},"_links":{"self":[{"href":"https:\/\/for-mont.pl\/index.php?rest_route=\/wp\/v2\/product\/215","targetHints":{"allow":["GET"]}}],"collection":[{"href":"https:\/\/for-mont.pl\/index.php?rest_route=\/wp\/v2\/product"}],"about":[{"href":"https:\/\/for-mont.pl\/index.php?rest_route=\/wp\/v2\/types\/product"}],"wp:featuredmedia":[{"embeddable":true,"href":"https:\/\/for-mont.pl\/index.php?rest_route=\/wp\/v2\/media\/216"}],"wp:attachment":[{"href":"https:\/\/for-mont.pl\/index.php?rest_route=%2Fwp%2Fv2%2Fmedia&parent=215"}],"wp:term":[{"taxonomy":"product_brand","embeddable":true,"href":"https:\/\/for-mont.pl\/index.php?rest_route=%2Fwp%2Fv2%2Fproduct_brand&post=215"},{"taxonomy":"product_cat","embeddable":true,"href":"https:\/\/for-mont.pl\/index.php?rest_route=%2Fwp%2Fv2%2Fproduct_cat&post=215"},{"taxonomy":"product_tag","embeddable":true,"href":"https:\/\/for-mont.pl\/index.php?rest_route=%2Fwp%2Fv2%2Fproduct_tag&post=215"}],"curies":[{"name":"wp","href":"https:\/\/api.w.org\/{rel}","templated":true}]}}