{"id":202,"date":"2025-09-11T14:56:29","date_gmt":"2025-09-11T14:56:29","guid":{"rendered":"https:\/\/for-mont.pl\/?post_type=product&#038;p=202"},"modified":"2025-09-11T14:57:08","modified_gmt":"2025-09-11T14:57:08","slug":"okna-aluminiowe","status":"publish","type":"product","link":"https:\/\/for-mont.pl\/?product=okna-aluminiowe","title":{"rendered":"Okna ALUMINIOWE"},"content":{"rendered":"<p>\ud83d\udc49 Zapraszamy do przedstawienia indywidualnej oferty w naszym biurze oraz telefonicznie.<\/p>\n","protected":false},"excerpt":{"rendered":"<p data-start=\"1346\" data-end=\"1694\">Okna aluminiowe to propozycja dla os\u00f3b ceni\u0105cych nowoczesny design, du\u017c\u0105 wytrzyma\u0142o\u015b\u0107 i elegancj\u0119. Smuk\u0142e, aluminiowe profile pozwalaj\u0105 na tworzenie du\u017cych przeszkle\u0144, dzi\u0119ki czemu wn\u0119trza staj\u0105 si\u0119 ja\u015bniejsze i bardziej przestronne. Aluminium to materia\u0142, kt\u00f3ry nie odkszta\u0142ca si\u0119 pod wp\u0142ywem temperatury i jest niezwykle odporny na uszkodzenia.<\/p>\n<p data-start=\"1696\" data-end=\"1982\">Dzi\u0119ki swojej konstrukcji okna aluminiowe zapewniaj\u0105 bardzo dobr\u0105 izolacyjno\u015b\u0107 ciepln\u0105 i akustyczn\u0105, a dodatkowe uszczelnienia chroni\u0105 wn\u0119trza przed wilgoci\u0105 i przeci\u0105gami. Sprawdzaj\u0105 si\u0119 doskonale w domach energooszcz\u0119dnych i pasywnych, a tak\u017ce w nowoczesnych budynkach komercyjnych.<\/p>\n<p data-start=\"1984\" data-end=\"2266\">Okna z aluminium mo\u017cna malowa\u0107 na dowolny kolor z palety RAL, co daje ogromne mo\u017cliwo\u015bci aran\u017cacyjne. To rozwi\u0105zanie dla os\u00f3b, kt\u00f3re szukaj\u0105 po\u0142\u0105czenia estetyki z trwa\u0142o\u015bci\u0105 na d\u0142ugie lata.<\/p>\n","protected":false},"featured_media":203,"template":"","meta":[],"product_brand":[],"product_cat":[17],"product_tag":[],"class_list":{"0":"post-202","1":"product","2":"type-product","3":"status-publish","4":"has-post-thumbnail","6":"product_cat-okna","8":"first","9":"instock","10":"shipping-taxable","11":"product-type-simple"},"_links":{"self":[{"href":"https:\/\/for-mont.pl\/index.php?rest_route=\/wp\/v2\/product\/202","targetHints":{"allow":["GET"]}}],"collection":[{"href":"https:\/\/for-mont.pl\/index.php?rest_route=\/wp\/v2\/product"}],"about":[{"href":"https:\/\/for-mont.pl\/index.php?rest_route=\/wp\/v2\/types\/product"}],"wp:featuredmedia":[{"embeddable":true,"href":"https:\/\/for-mont.pl\/index.php?rest_route=\/wp\/v2\/media\/203"}],"wp:attachment":[{"href":"https:\/\/for-mont.pl\/index.php?rest_route=%2Fwp%2Fv2%2Fmedia&parent=202"}],"wp:term":[{"taxonomy":"product_brand","embeddable":true,"href":"https:\/\/for-mont.pl\/index.php?rest_route=%2Fwp%2Fv2%2Fproduct_brand&post=202"},{"taxonomy":"product_cat","embeddable":true,"href":"https:\/\/for-mont.pl\/index.php?rest_route=%2Fwp%2Fv2%2Fproduct_cat&post=202"},{"taxonomy":"product_tag","embeddable":true,"href":"https:\/\/for-mont.pl\/index.php?rest_route=%2Fwp%2Fv2%2Fproduct_tag&post=202"}],"curies":[{"name":"wp","href":"https:\/\/api.w.org\/{rel}","templated":true}]}}