{"id":200,"date":"2025-09-11T14:55:19","date_gmt":"2025-09-11T14:55:19","guid":{"rendered":"https:\/\/for-mont.pl\/?post_type=product&#038;p=200"},"modified":"2025-09-11T14:56:21","modified_gmt":"2025-09-11T14:56:21","slug":"okna-pcv","status":"publish","type":"product","link":"https:\/\/for-mont.pl\/?product=okna-pcv","title":{"rendered":"Okna PCV"},"content":{"rendered":"<p>\ud83d\udc49 Zapraszamy do przedstawienia indywidualnej oferty w naszym biurze oraz telefonicznie.<\/p>\n","protected":false},"excerpt":{"rendered":"<p data-start=\"272\" data-end=\"644\">Okna PCV to obecnie najcz\u0119\u015bciej wybierane rozwi\u0105zanie na rynku stolarki okiennej. \u0141\u0105cz\u0105 w sobie trwa\u0142o\u015b\u0107, estetyk\u0119 i korzystn\u0105 cen\u0119, dzi\u0119ki czemu sprawdzaj\u0105 si\u0119 zar\u00f3wno w nowym budownictwie, jak i podczas modernizacji starszych obiekt\u00f3w. Dzi\u0119ki nowoczesnym technologiom produkcji okna z PCV gwarantuj\u0105 wysok\u0105 odporno\u015b\u0107 na warunki atmosferyczne i uszkodzenia mechaniczne.<\/p>\n<p data-start=\"646\" data-end=\"1008\">Jedn\u0105 z najwa\u017cniejszych zalet okien PCV jest ich znakomita izolacja termiczna oraz akustyczna. Solidne profile w po\u0142\u0105czeniu z odpowiednimi pakietami szybowymi pozwalaj\u0105 na realne oszcz\u0119dno\u015bci w kosztach ogrzewania i klimatyzacji, a tak\u017ce poprawiaj\u0105 komfort codziennego \u017cycia w domu. To wyb\u00f3r idealny zar\u00f3wno dla dom\u00f3w jednorodzinnych, jak i mieszka\u0144 w blokach.<\/p>\n<p data-start=\"1010\" data-end=\"1318\">Dzi\u0119ki szerokiej gamie kolor\u00f3w i oklein okna PCV mo\u017cna dopasowa\u0107 do ka\u017cdego stylu budynku \u2013 od klasycznego po nowoczesny. \u0141atwo\u015b\u0107 w utrzymaniu czysto\u015bci oraz d\u0142uga \u017cywotno\u015b\u0107 sprawiaj\u0105, \u017ce jest to inwestycja na lata.<\/p>\n<p data-start=\"1010\" data-end=\"1318\">\n","protected":false},"featured_media":201,"template":"","meta":[],"product_brand":[],"product_cat":[17],"product_tag":[],"class_list":{"0":"post-200","1":"product","2":"type-product","3":"status-publish","4":"has-post-thumbnail","6":"product_cat-okna","8":"first","9":"instock","10":"shipping-taxable","11":"product-type-simple"},"_links":{"self":[{"href":"https:\/\/for-mont.pl\/index.php?rest_route=\/wp\/v2\/product\/200","targetHints":{"allow":["GET"]}}],"collection":[{"href":"https:\/\/for-mont.pl\/index.php?rest_route=\/wp\/v2\/product"}],"about":[{"href":"https:\/\/for-mont.pl\/index.php?rest_route=\/wp\/v2\/types\/product"}],"wp:featuredmedia":[{"embeddable":true,"href":"https:\/\/for-mont.pl\/index.php?rest_route=\/wp\/v2\/media\/201"}],"wp:attachment":[{"href":"https:\/\/for-mont.pl\/index.php?rest_route=%2Fwp%2Fv2%2Fmedia&parent=200"}],"wp:term":[{"taxonomy":"product_brand","embeddable":true,"href":"https:\/\/for-mont.pl\/index.php?rest_route=%2Fwp%2Fv2%2Fproduct_brand&post=200"},{"taxonomy":"product_cat","embeddable":true,"href":"https:\/\/for-mont.pl\/index.php?rest_route=%2Fwp%2Fv2%2Fproduct_cat&post=200"},{"taxonomy":"product_tag","embeddable":true,"href":"https:\/\/for-mont.pl\/index.php?rest_route=%2Fwp%2Fv2%2Fproduct_tag&post=200"}],"curies":[{"name":"wp","href":"https:\/\/api.w.org\/{rel}","templated":true}]}}