{"id":6,"date":"2024-11-29T15:51:59","date_gmt":"2024-11-29T15:51:59","guid":{"rendered":"https:\/\/for-mont.pl\/?page_id=6"},"modified":"2025-09-12T06:50:50","modified_gmt":"2025-09-12T06:50:50","slug":"strona-glowna","status":"publish","type":"page","link":"https:\/\/for-mont.pl\/","title":{"rendered":"Strona g\u0142\u00f3wna"},"content":{"rendered":"<section class=\"wp-block-cover alignfull\" style=\"border-radius:0px;padding-top:0;padding-bottom:0;font-size:35px;min-height:88px;aspect-ratio:unset;\"><img fetchpriority=\"high\" decoding=\"async\" width=\"1800\" height=\"900\" class=\"wp-block-cover__image-background wp-image-45\" alt=\"\" src=\"https:\/\/for-mont.pl\/wp-content\/uploads\/2025\/01\/photorealistic-wooden-house-with-timber-structure_23-2151302672-1.jpg\" style=\"object-position:50% 50%\" data-object-fit=\"cover\" data-object-position=\"50% 50%\" srcset=\"https:\/\/for-mont.pl\/wp-content\/uploads\/2025\/01\/photorealistic-wooden-house-with-timber-structure_23-2151302672-1.jpg 1800w, https:\/\/for-mont.pl\/wp-content\/uploads\/2025\/01\/photorealistic-wooden-house-with-timber-structure_23-2151302672-1-600x300.jpg 600w, https:\/\/for-mont.pl\/wp-content\/uploads\/2025\/01\/photorealistic-wooden-house-with-timber-structure_23-2151302672-1-300x150.jpg 300w, https:\/\/for-mont.pl\/wp-content\/uploads\/2025\/01\/photorealistic-wooden-house-with-timber-structure_23-2151302672-1-1024x512.jpg 1024w, https:\/\/for-mont.pl\/wp-content\/uploads\/2025\/01\/photorealistic-wooden-house-with-timber-structure_23-2151302672-1-768x384.jpg 768w, https:\/\/for-mont.pl\/wp-content\/uploads\/2025\/01\/photorealistic-wooden-house-with-timber-structure_23-2151302672-1-1536x768.jpg 1536w\" sizes=\"(max-width: 1800px) 100vw, 1800px\" \/><span aria-hidden=\"true\" class=\"wp-block-cover__background has-black-background-color has-background-dim-40 has-background-dim\"><\/span><div class=\"wp-block-cover__inner-container is-layout-constrained wp-block-cover-is-layout-constrained\"><div class=\"wp-block-columns are-vertically-aligned-center is-layout-flex wp-container-core-columns-is-layout-9d6595d7 wp-block-columns-is-layout-flex\"><div class=\"wp-block-column is-vertically-aligned-center is-layout-flow wp-block-column-is-layout-flow\"><div style=\"height:192px\" aria-hidden=\"true\" class=\"wp-block-spacer\"><\/div>\n\n<h1 class=\"wp-block-heading has-text-align-left\" style=\"font-style:normal;font-weight:700\"><strong>FOR-MONT  LASKOWA<\/strong><\/h1>\n\n<div class=\"wp-block-group\"><div class=\"wp-block-group__inner-container is-layout-constrained wp-block-group-is-layout-constrained\"><h3 class=\"wp-block-heading has-text-align-left\">okna, drzwi, bramy, rolety zewn\u0119trzne i wewn\u0119trzne, parapety oraz us\u0142ugi monta\u017cowe<\/h3><\/div><\/div>\n\n<hr class=\"wp-block-separator has-alpha-channel-opacity\"\/>\n\n<div class=\"wp-block-buttons has-custom-font-size has-small-font-size is-content-justification-center is-layout-flex wp-container-core-buttons-is-layout-16018d1d wp-block-buttons-is-layout-flex\"><div class=\"wp-block-button has-custom-width wp-block-button__width-50\"><a class=\"wp-block-button__link has-vivid-red-background-color has-background wp-element-button\">ZOBACZ NASZ\u0104 OFERT\u0118<\/a><\/div><\/div><\/div><\/div><\/div><\/section><style>.big-number {margin-bottom: -140px!important;z-index: -1!important;line-height: 1em!important;}h1,h2,h3,h4 {margin-bottom: 1rem;}<\/style><hr class=\"wp-block-separator has-alpha-channel-opacity\"\/><h2 class=\"wp-block-heading has-text-align-center\">NASZA OFERTA<\/h2><div class=\"wp-block-columns is-layout-flex wp-container-core-columns-is-layout-9d6595d7 wp-block-columns-is-layout-flex\"><div class=\"wp-block-column is-layout-flow wp-block-column-is-layout-flow\" style=\"flex-basis:28.57%\"><div class=\"wp-block-image is-style-default\"><figure class=\"aligncenter size-large is-resized\"><a href=\"https:\/\/for-mont.pl\/?product_cat=okna\"><img decoding=\"async\" width=\"980\" height=\"1024\" src=\"http:\/\/for-mont.pl\/wp-content\/uploads\/2025\/09\/MB-86-980x1024.jpg\" alt=\"\" class=\"wp-image-203\" style=\"object-fit:cover;width:214px;height:auto\" srcset=\"https:\/\/for-mont.pl\/wp-content\/uploads\/2025\/09\/MB-86-980x1024.jpg 980w, https:\/\/for-mont.pl\/wp-content\/uploads\/2025\/09\/MB-86-600x627.jpg 600w, https:\/\/for-mont.pl\/wp-content\/uploads\/2025\/09\/MB-86-287x300.jpg 287w, https:\/\/for-mont.pl\/wp-content\/uploads\/2025\/09\/MB-86-768x803.jpg 768w, https:\/\/for-mont.pl\/wp-content\/uploads\/2025\/09\/MB-86.jpg 1000w\" sizes=\"(max-width: 980px) 100vw, 980px\" \/><\/a><\/figure><\/div>\n\n<div class=\"wp-block-buttons is-content-justification-center is-layout-flex wp-container-core-buttons-is-layout-14c487f4 wp-block-buttons-is-layout-flex\"><div class=\"wp-block-button has-custom-width wp-block-button__width-50\"><a class=\"wp-block-button__link has-white-color has-text-color has-link-color wp-element-button\" href=\"https:\/\/for-mont.pl\/?product_cat=okna\">OKNA<\/a><\/div><\/div><\/div>\n\n<div class=\"wp-block-column is-layout-flow wp-block-column-is-layout-flow\" style=\"flex-basis:38.09%\"><div class=\"wp-block-image\"><figure class=\"aligncenter size-full is-resized\"><a href=\"https:\/\/for-mont.pl\/?product_cat=drzwi\"><img decoding=\"async\" width=\"372\" height=\"555\" src=\"https:\/\/for-mont.pl\/wp-content\/uploads\/2025\/02\/Drzwi-PVC-1.png\" alt=\"\" class=\"wp-image-83\" style=\"width:149px;height:auto\" srcset=\"https:\/\/for-mont.pl\/wp-content\/uploads\/2025\/02\/Drzwi-PVC-1.png 372w, https:\/\/for-mont.pl\/wp-content\/uploads\/2025\/02\/Drzwi-PVC-1-201x300.png 201w\" sizes=\"(max-width: 372px) 100vw, 372px\" \/><\/a><\/figure><\/div>\n\n<div class=\"wp-block-buttons is-content-justification-center is-layout-flex wp-container-core-buttons-is-layout-16018d1d wp-block-buttons-is-layout-flex\"><div class=\"wp-block-button has-custom-width wp-block-button__width-50\"><a class=\"wp-block-button__link has-white-color has-text-color has-link-color wp-element-button\" href=\"https:\/\/for-mont.pl\/?product_cat=drzwi\">DRZWI<\/a><\/div><\/div><\/div>\n\n<div class=\"wp-block-column is-layout-flow wp-block-column-is-layout-flow\" style=\"flex-basis:33.33%\"><div class=\"wp-block-group\"><div class=\"wp-block-group__inner-container is-layout-constrained wp-block-group-is-layout-constrained\"><div class=\"wp-block-image is-style-default\"><figure class=\"aligncenter size-large is-resized\"><a href=\"https:\/\/for-mont.pl\/?product_cat=bramy\"><img loading=\"lazy\" decoding=\"async\" width=\"1024\" height=\"1024\" src=\"https:\/\/for-mont.pl\/wp-content\/uploads\/2025\/02\/bramy-1024x1024.png\" alt=\"\" class=\"wp-image-82\" style=\"width:223px;height:auto\" srcset=\"https:\/\/for-mont.pl\/wp-content\/uploads\/2025\/02\/bramy-1024x1024.png 1024w, https:\/\/for-mont.pl\/wp-content\/uploads\/2025\/02\/bramy-300x300.png 300w, https:\/\/for-mont.pl\/wp-content\/uploads\/2025\/02\/bramy-100x100.png 100w, https:\/\/for-mont.pl\/wp-content\/uploads\/2025\/02\/bramy-600x600.png 600w, https:\/\/for-mont.pl\/wp-content\/uploads\/2025\/02\/bramy-150x150.png 150w, https:\/\/for-mont.pl\/wp-content\/uploads\/2025\/02\/bramy-768x768.png 768w, https:\/\/for-mont.pl\/wp-content\/uploads\/2025\/02\/bramy.png 1181w\" sizes=\"(max-width: 1024px) 100vw, 1024px\" \/><\/a><\/figure><\/div><\/div><\/div>\n\n<div class=\"wp-block-buttons is-content-justification-center is-layout-flex wp-container-core-buttons-is-layout-16018d1d wp-block-buttons-is-layout-flex\"><div class=\"wp-block-button has-custom-width wp-block-button__width-50\"><a class=\"wp-block-button__link has-white-color has-text-color has-link-color wp-element-button\" href=\"https:\/\/for-mont.pl\/?product_cat=bramy\">BRAMY<\/a><\/div><\/div><\/div><\/div><div class=\"wp-block-columns is-layout-flex wp-container-core-columns-is-layout-9d6595d7 wp-block-columns-is-layout-flex\"><div class=\"wp-block-column is-layout-flow wp-block-column-is-layout-flow\"><div class=\"wp-block-image\"><figure class=\"aligncenter size-large is-resized\"><img loading=\"lazy\" decoding=\"async\" width=\"1024\" height=\"1024\" src=\"https:\/\/for-mont.pl\/wp-content\/uploads\/2025\/02\/rolety-zew-1024x1024.png\" alt=\"\" class=\"wp-image-85\" style=\"width:229px;height:auto\" srcset=\"https:\/\/for-mont.pl\/wp-content\/uploads\/2025\/02\/rolety-zew-1024x1024.png 1024w, https:\/\/for-mont.pl\/wp-content\/uploads\/2025\/02\/rolety-zew-300x300.png 300w, https:\/\/for-mont.pl\/wp-content\/uploads\/2025\/02\/rolety-zew-100x100.png 100w, https:\/\/for-mont.pl\/wp-content\/uploads\/2025\/02\/rolety-zew-600x600.png 600w, https:\/\/for-mont.pl\/wp-content\/uploads\/2025\/02\/rolety-zew-150x150.png 150w, https:\/\/for-mont.pl\/wp-content\/uploads\/2025\/02\/rolety-zew-768x768.png 768w, https:\/\/for-mont.pl\/wp-content\/uploads\/2025\/02\/rolety-zew.png 1181w\" sizes=\"(max-width: 1024px) 100vw, 1024px\" \/><\/figure><\/div>\n\n<div class=\"wp-block-buttons is-content-justification-center is-layout-flex wp-container-core-buttons-is-layout-16018d1d wp-block-buttons-is-layout-flex\"><div class=\"wp-block-button\"><a class=\"wp-block-button__link has-white-color has-text-color has-link-color wp-element-button\">ROLETY ZEWN\u0118TRZNE<\/a><\/div><\/div><\/div>\n\n<div class=\"wp-block-column is-layout-flow wp-block-column-is-layout-flow\"><div class=\"wp-block-image\"><figure class=\"aligncenter size-large is-resized\"><img loading=\"lazy\" decoding=\"async\" width=\"1024\" height=\"1024\" src=\"https:\/\/for-mont.pl\/wp-content\/uploads\/2025\/02\/rolety-wew-1024x1024.png\" alt=\"\" class=\"wp-image-87\" style=\"width:229px;height:auto\" srcset=\"https:\/\/for-mont.pl\/wp-content\/uploads\/2025\/02\/rolety-wew-1024x1024.png 1024w, https:\/\/for-mont.pl\/wp-content\/uploads\/2025\/02\/rolety-wew-300x300.png 300w, https:\/\/for-mont.pl\/wp-content\/uploads\/2025\/02\/rolety-wew-100x100.png 100w, https:\/\/for-mont.pl\/wp-content\/uploads\/2025\/02\/rolety-wew-600x600.png 600w, https:\/\/for-mont.pl\/wp-content\/uploads\/2025\/02\/rolety-wew-150x150.png 150w, https:\/\/for-mont.pl\/wp-content\/uploads\/2025\/02\/rolety-wew-768x768.png 768w, https:\/\/for-mont.pl\/wp-content\/uploads\/2025\/02\/rolety-wew.png 1181w\" sizes=\"(max-width: 1024px) 100vw, 1024px\" \/><\/figure><\/div>\n\n<div class=\"wp-block-buttons is-content-justification-center is-layout-flex wp-container-core-buttons-is-layout-16018d1d wp-block-buttons-is-layout-flex\"><div class=\"wp-block-button\"><a class=\"wp-block-button__link has-white-color has-text-color has-link-color wp-element-button\">ROLETY WEWN\u0118TRZNE<\/a><\/div><\/div><\/div>\n\n<div class=\"wp-block-column is-layout-flow wp-block-column-is-layout-flow\"><div class=\"wp-block-image\"><figure class=\"aligncenter size-full is-resized\"><img loading=\"lazy\" decoding=\"async\" width=\"1024\" height=\"1024\" src=\"http:\/\/for-mont.pl\/wp-content\/uploads\/2025\/09\/ChatGPT-Image-12-wrz-2025-08_49_32.png\" alt=\"\" class=\"wp-image-245\" style=\"width:229px;height:auto\" srcset=\"https:\/\/for-mont.pl\/wp-content\/uploads\/2025\/09\/ChatGPT-Image-12-wrz-2025-08_49_32.png 1024w, https:\/\/for-mont.pl\/wp-content\/uploads\/2025\/09\/ChatGPT-Image-12-wrz-2025-08_49_32-300x300.png 300w, https:\/\/for-mont.pl\/wp-content\/uploads\/2025\/09\/ChatGPT-Image-12-wrz-2025-08_49_32-100x100.png 100w, https:\/\/for-mont.pl\/wp-content\/uploads\/2025\/09\/ChatGPT-Image-12-wrz-2025-08_49_32-600x600.png 600w, https:\/\/for-mont.pl\/wp-content\/uploads\/2025\/09\/ChatGPT-Image-12-wrz-2025-08_49_32-150x150.png 150w, https:\/\/for-mont.pl\/wp-content\/uploads\/2025\/09\/ChatGPT-Image-12-wrz-2025-08_49_32-768x768.png 768w\" sizes=\"(max-width: 1024px) 100vw, 1024px\" \/><\/figure><\/div>\n\n<div class=\"wp-block-buttons is-content-justification-center is-layout-flex wp-container-core-buttons-is-layout-16018d1d wp-block-buttons-is-layout-flex\"><div class=\"wp-block-button is-style-fill\"><a class=\"wp-block-button__link has-white-color has-text-color has-link-color wp-element-button\">MOSKITIERY<\/a><\/div><\/div><\/div><\/div><div class=\"wp-block-image\"><figure class=\"aligncenter size-large is-resized\"><img loading=\"lazy\" decoding=\"async\" width=\"1024\" height=\"1024\" src=\"https:\/\/for-mont.pl\/wp-content\/uploads\/2025\/02\/parapety-1024x1024.png\" alt=\"\" class=\"wp-image-88\" style=\"width:229px;height:auto\" srcset=\"https:\/\/for-mont.pl\/wp-content\/uploads\/2025\/02\/parapety-1024x1024.png 1024w, https:\/\/for-mont.pl\/wp-content\/uploads\/2025\/02\/parapety-300x300.png 300w, https:\/\/for-mont.pl\/wp-content\/uploads\/2025\/02\/parapety-100x100.png 100w, https:\/\/for-mont.pl\/wp-content\/uploads\/2025\/02\/parapety-600x600.png 600w, https:\/\/for-mont.pl\/wp-content\/uploads\/2025\/02\/parapety-150x150.png 150w, https:\/\/for-mont.pl\/wp-content\/uploads\/2025\/02\/parapety-768x768.png 768w, https:\/\/for-mont.pl\/wp-content\/uploads\/2025\/02\/parapety.png 1181w\" sizes=\"(max-width: 1024px) 100vw, 1024px\" \/><\/figure><\/div><div class=\"wp-block-buttons is-content-justification-center is-layout-flex wp-container-core-buttons-is-layout-16018d1d wp-block-buttons-is-layout-flex\"><div class=\"wp-block-button is-style-fill\"><a class=\"wp-block-button__link has-white-color has-text-color has-link-color wp-element-button\">PARAPETY<\/a><\/div><\/div><div class=\"wp-block-buttons is-layout-flex wp-block-buttons-is-layout-flex\"><\/div><h2 class=\"wp-block-heading has-text-align-center\">WSP\u00d3\u0141PRACUJEMY Z<\/h2><figure class=\"wp-block-gallery has-nested-images columns-4 wp-block-gallery-1 is-layout-flex wp-block-gallery-is-layout-flex\"><figure class=\"wp-block-image size-medium\"><img loading=\"lazy\" decoding=\"async\" width=\"300\" height=\"101\" data-id=\"73\" src=\"https:\/\/for-mont.pl\/wp-content\/uploads\/2025\/02\/Logo-Aluprof-300x101.png\" alt=\"WS\" class=\"wp-image-73\" srcset=\"https:\/\/for-mont.pl\/wp-content\/uploads\/2025\/02\/Logo-Aluprof-300x101.png 300w, https:\/\/for-mont.pl\/wp-content\/uploads\/2025\/02\/Logo-Aluprof-600x202.png 600w, https:\/\/for-mont.pl\/wp-content\/uploads\/2025\/02\/Logo-Aluprof.png 744w\" sizes=\"(max-width: 300px) 100vw, 300px\" \/><\/figure>\n\n<figure class=\"wp-block-image size-medium\"><img loading=\"lazy\" decoding=\"async\" width=\"300\" height=\"80\" data-id=\"72\" src=\"https:\/\/for-mont.pl\/wp-content\/uploads\/2025\/02\/Logo-Pagen-300x80.png\" alt=\"\" class=\"wp-image-72\" srcset=\"https:\/\/for-mont.pl\/wp-content\/uploads\/2025\/02\/Logo-Pagen-300x80.png 300w, https:\/\/for-mont.pl\/wp-content\/uploads\/2025\/02\/Logo-Pagen-600x161.png 600w, https:\/\/for-mont.pl\/wp-content\/uploads\/2025\/02\/Logo-Pagen-768x206.png 768w, https:\/\/for-mont.pl\/wp-content\/uploads\/2025\/02\/Logo-Pagen.png 828w\" sizes=\"(max-width: 300px) 100vw, 300px\" \/><\/figure>\n\n<figure class=\"wp-block-image size-medium is-style-rounded\"><img loading=\"lazy\" decoding=\"async\" width=\"300\" height=\"101\" data-id=\"71\" src=\"https:\/\/for-mont.pl\/wp-content\/uploads\/2025\/02\/Logo-schuco-300x101.png\" alt=\"\" class=\"wp-image-71\" srcset=\"https:\/\/for-mont.pl\/wp-content\/uploads\/2025\/02\/Logo-schuco-300x101.png 300w, https:\/\/for-mont.pl\/wp-content\/uploads\/2025\/02\/Logo-schuco-600x202.png 600w, https:\/\/for-mont.pl\/wp-content\/uploads\/2025\/02\/Logo-schuco.png 744w\" sizes=\"(max-width: 300px) 100vw, 300px\" \/><\/figure>\n\n<figure class=\"wp-block-image size-large\"><img loading=\"lazy\" decoding=\"async\" width=\"1024\" height=\"335\" data-id=\"74\" src=\"https:\/\/for-mont.pl\/wp-content\/uploads\/2025\/02\/SAL_MYW_GREEN_RGB-1024x335.png\" alt=\"\" class=\"wp-image-74\" srcset=\"https:\/\/for-mont.pl\/wp-content\/uploads\/2025\/02\/SAL_MYW_GREEN_RGB-1024x335.png 1024w, https:\/\/for-mont.pl\/wp-content\/uploads\/2025\/02\/SAL_MYW_GREEN_RGB-600x196.png 600w, https:\/\/for-mont.pl\/wp-content\/uploads\/2025\/02\/SAL_MYW_GREEN_RGB-300x98.png 300w, https:\/\/for-mont.pl\/wp-content\/uploads\/2025\/02\/SAL_MYW_GREEN_RGB-768x252.png 768w, https:\/\/for-mont.pl\/wp-content\/uploads\/2025\/02\/SAL_MYW_GREEN_RGB-1536x503.png 1536w, https:\/\/for-mont.pl\/wp-content\/uploads\/2025\/02\/SAL_MYW_GREEN_RGB.png 1713w\" sizes=\"(max-width: 1024px) 100vw, 1024px\" \/><\/figure><\/figure><div class=\"wp-block-columns is-layout-flex wp-container-core-columns-is-layout-9d6595d7 wp-block-columns-is-layout-flex\"><div class=\"wp-block-column is-layout-flow wp-block-column-is-layout-flow\"><\/div>\n\n<div class=\"wp-block-column is-layout-flow wp-block-column-is-layout-flow\"><\/div><\/div><hr class=\"wp-block-separator has-alpha-channel-opacity\"\/><figure class=\"wp-block-image size-large\"><img loading=\"lazy\" decoding=\"async\" width=\"1024\" height=\"333\" src=\"https:\/\/for-mont.pl\/wp-content\/uploads\/2025\/02\/DLACZEGO-WARTO-1-1024x333.png\" alt=\"\" class=\"wp-image-67\" srcset=\"https:\/\/for-mont.pl\/wp-content\/uploads\/2025\/02\/DLACZEGO-WARTO-1-1024x333.png 1024w, https:\/\/for-mont.pl\/wp-content\/uploads\/2025\/02\/DLACZEGO-WARTO-1-600x195.png 600w, https:\/\/for-mont.pl\/wp-content\/uploads\/2025\/02\/DLACZEGO-WARTO-1-300x98.png 300w, https:\/\/for-mont.pl\/wp-content\/uploads\/2025\/02\/DLACZEGO-WARTO-1-768x250.png 768w, https:\/\/for-mont.pl\/wp-content\/uploads\/2025\/02\/DLACZEGO-WARTO-1-1536x500.png 1536w, https:\/\/for-mont.pl\/wp-content\/uploads\/2025\/02\/DLACZEGO-WARTO-1-2048x666.png 2048w\" sizes=\"(max-width: 1024px) 100vw, 1024px\" \/><\/figure><figure class=\"wp-block-image size-large\"><a href=\"https:\/\/pl-pl.facebook.com\/people\/FUH-For-Mont\/100066650887328\/#\"><img loading=\"lazy\" decoding=\"async\" width=\"1024\" height=\"309\" src=\"https:\/\/for-mont.pl\/wp-content\/uploads\/2025\/09\/koperta-44-1024x309.jpg\" alt=\"\" class=\"wp-image-230\" srcset=\"https:\/\/for-mont.pl\/wp-content\/uploads\/2025\/09\/koperta-44-1024x309.jpg 1024w, https:\/\/for-mont.pl\/wp-content\/uploads\/2025\/09\/koperta-44-scaled-600x181.jpg 600w, https:\/\/for-mont.pl\/wp-content\/uploads\/2025\/09\/koperta-44-300x91.jpg 300w, https:\/\/for-mont.pl\/wp-content\/uploads\/2025\/09\/koperta-44-768x232.jpg 768w, https:\/\/for-mont.pl\/wp-content\/uploads\/2025\/09\/koperta-44-1536x464.jpg 1536w, https:\/\/for-mont.pl\/wp-content\/uploads\/2025\/09\/koperta-44-2048x618.jpg 2048w\" sizes=\"(max-width: 1024px) 100vw, 1024px\" \/><\/a><\/figure><div class=\"wp-block-columns is-layout-flex wp-container-core-columns-is-layout-9d6595d7 wp-block-columns-is-layout-flex\"><div class=\"wp-block-column is-layout-flow wp-block-column-is-layout-flow\"><\/div><\/div><p><\/p>","protected":false},"excerpt":{"rendered":"<p>NASZA OFERTA WSP\u00d3\u0141PRACUJEMY Z<\/p>\n","protected":false},"author":1,"featured_media":0,"parent":0,"menu_order":0,"comment_status":"open","ping_status":"closed","template":"","meta":{"footnotes":""},"class_list":["post-6","page","type-page","status-publish","hentry"],"_links":{"self":[{"href":"https:\/\/for-mont.pl\/index.php?rest_route=\/wp\/v2\/pages\/6","targetHints":{"allow":["GET"]}}],"collection":[{"href":"https:\/\/for-mont.pl\/index.php?rest_route=\/wp\/v2\/pages"}],"about":[{"href":"https:\/\/for-mont.pl\/index.php?rest_route=\/wp\/v2\/types\/page"}],"author":[{"embeddable":true,"href":"https:\/\/for-mont.pl\/index.php?rest_route=\/wp\/v2\/users\/1"}],"replies":[{"embeddable":true,"href":"https:\/\/for-mont.pl\/index.php?rest_route=%2Fwp%2Fv2%2Fcomments&post=6"}],"version-history":[{"count":41,"href":"https:\/\/for-mont.pl\/index.php?rest_route=\/wp\/v2\/pages\/6\/revisions"}],"predecessor-version":[{"id":246,"href":"https:\/\/for-mont.pl\/index.php?rest_route=\/wp\/v2\/pages\/6\/revisions\/246"}],"wp:attachment":[{"href":"https:\/\/for-mont.pl\/index.php?rest_route=%2Fwp%2Fv2%2Fmedia&parent=6"}],"curies":[{"name":"wp","href":"https:\/\/api.w.org\/{rel}","templated":true}]}}