{"id":19,"date":"2024-11-29T15:54:50","date_gmt":"2024-11-29T15:54:50","guid":{"rendered":"https:\/\/for-mont.pl\/?page_id=19"},"modified":"2025-02-11T22:02:07","modified_gmt":"2025-02-11T22:02:07","slug":"o-nas","status":"publish","type":"page","link":"https:\/\/for-mont.pl\/?page_id=19","title":{"rendered":"O nas"},"content":{"rendered":"<h2 class=\"wp-block-heading\"><strong>Profesjonalizm i jako\u015b\u0107 od 2012 roku<\/strong><\/h2><p>Nasza firma dzia\u0142a na rynku stolarki otworowej ju\u017c od <strong>2012 roku<\/strong>, dostarczaj\u0105c klientom <strong>wysokiej jako\u015bci okna, drzwi, rolety oraz bramy gara\u017cowe<\/strong>. Pierwsza siedziba mie\u015bci\u0142a si\u0119 w Limanowej, a od <strong>2017 roku<\/strong> obs\u0142ugujemy klient\u00f3w w nowej lokalizacji w <strong>Laskowej \u2013 naprzeciwko ko\u015bcio\u0142a<\/strong>.<\/p><p>Specjalizujemy si\u0119 nie tylko w sprzeda\u017cy, ale r\u00f3wnie\u017c w <strong>fachowym monta\u017cu<\/strong>, kt\u00f3ry jest kluczowy dla trwa\u0142o\u015bci i funkcjonalno\u015bci okien oraz drzwi. Dzi\u0119ki naszemu do\u015bwiadczeniu i wsp\u00f3\u0142pracy z <strong>renomowanymi producentami<\/strong>, oferujemy produkty najwy\u017cszej jako\u015bci, kt\u00f3re spe\u0142niaj\u0105 wymagania zar\u00f3wno pod wzgl\u0119dem estetyki, jak i energooszcz\u0119dno\u015bci.<\/p><p>Dbamy o <strong>komfort i satysfakcj\u0119 klient\u00f3w<\/strong>, dlatego oferujemy <strong>bezp\u0142atne doradztwo, pomiar oraz wycen\u0119<\/strong>. Nasz zesp\u00f3\u0142 ch\u0119tnie pomo\u017ce dobra\u0107 najlepsze rozwi\u0105zania dopasowane do Twoich potrzeb.<\/p><p>Zapraszamy do wsp\u00f3\u0142pracy!<\/p><div class=\"wp-block-image\"><figure class=\"aligncenter size-large is-resized\"><img fetchpriority=\"high\" decoding=\"async\" width=\"1024\" height=\"336\" src=\"https:\/\/for-mont.pl\/wp-content\/uploads\/2025\/02\/formont-Z-NAPISEM-1024x336.png\" alt=\"\" class=\"wp-image-125\" style=\"width:347px;height:auto\" srcset=\"https:\/\/for-mont.pl\/wp-content\/uploads\/2025\/02\/formont-Z-NAPISEM-1024x336.png 1024w, https:\/\/for-mont.pl\/wp-content\/uploads\/2025\/02\/formont-Z-NAPISEM-600x197.png 600w, https:\/\/for-mont.pl\/wp-content\/uploads\/2025\/02\/formont-Z-NAPISEM-300x99.png 300w, https:\/\/for-mont.pl\/wp-content\/uploads\/2025\/02\/formont-Z-NAPISEM-768x252.png 768w, https:\/\/for-mont.pl\/wp-content\/uploads\/2025\/02\/formont-Z-NAPISEM-1536x505.png 1536w, https:\/\/for-mont.pl\/wp-content\/uploads\/2025\/02\/formont-Z-NAPISEM-2048x673.png 2048w\" sizes=\"(max-width: 1024px) 100vw, 1024px\" \/><\/figure><\/div>","protected":false},"excerpt":{"rendered":"<p>Profesjonalizm i jako\u015b\u0107 od 2012 roku Nasza firma dzia\u0142a na rynku stolarki otworowej ju\u017c od 2012 roku, dostarczaj\u0105c klientom wysokiej jako\u015bci okna, drzwi, rolety oraz bramy gara\u017cowe. Pierwsza siedziba mie\u015bci\u0142a &#8230;<\/p>\n","protected":false},"author":1,"featured_media":0,"parent":0,"menu_order":0,"comment_status":"closed","ping_status":"closed","template":"","meta":{"footnotes":""},"class_list":["post-19","page","type-page","status-publish","hentry"],"_links":{"self":[{"href":"https:\/\/for-mont.pl\/index.php?rest_route=\/wp\/v2\/pages\/19","targetHints":{"allow":["GET"]}}],"collection":[{"href":"https:\/\/for-mont.pl\/index.php?rest_route=\/wp\/v2\/pages"}],"about":[{"href":"https:\/\/for-mont.pl\/index.php?rest_route=\/wp\/v2\/types\/page"}],"author":[{"embeddable":true,"href":"https:\/\/for-mont.pl\/index.php?rest_route=\/wp\/v2\/users\/1"}],"replies":[{"embeddable":true,"href":"https:\/\/for-mont.pl\/index.php?rest_route=%2Fwp%2Fv2%2Fcomments&post=19"}],"version-history":[{"count":2,"href":"https:\/\/for-mont.pl\/index.php?rest_route=\/wp\/v2\/pages\/19\/revisions"}],"predecessor-version":[{"id":126,"href":"https:\/\/for-mont.pl\/index.php?rest_route=\/wp\/v2\/pages\/19\/revisions\/126"}],"wp:attachment":[{"href":"https:\/\/for-mont.pl\/index.php?rest_route=%2Fwp%2Fv2%2Fmedia&parent=19"}],"curies":[{"name":"wp","href":"https:\/\/api.w.org\/{rel}","templated":true}]}}